{"id":4760,"date":"2021-09-05T17:56:11","date_gmt":"2021-09-05T15:56:11","guid":{"rendered":"https:\/\/babymoon.gr\/?post_type=product&#038;p=4760"},"modified":"2021-09-12T21:38:50","modified_gmt":"2021-09-12T19:38:50","slug":"cblcblam","status":"publish","type":"product","link":"https:\/\/babymoon.gr\/index.php\/product\/cblcblam\/","title":{"rendered":"Cotton ball lights \u03a6\u03c9\u03c4\u03b9\u03c3\u03c4\u03b9\u03ba\u03cc \u03bc\u03c0\u03ac\u03bb\u03b1 medium 31cm Light aqua"},"content":{"rendered":"<p><strong>\u0391\u03c0\u03b1\u03b9\u03c4\u03b5\u03af\u03c4\u03b1\u03b9 <em>\u03c3\u03c5\u03bd\u03b1\u03c1\u03bc\u03bf\u03bb\u03cc\u03b3\u03b7\u03c3\u03b7<\/em><\/strong>.<\/p>\n<p><em>\u0394\u03b9\u03b1\u03c4\u03af\u03b8\u03b5\u03c4\u03b1\u03b9 \u03c0\u03c1\u03bf\u03b1\u03b9\u03c1\u03b5\u03c4\u03b9\u03ba\u03ae \u03c5\u03c0\u03b7\u03c1\u03b5\u03c3\u03af\u03b1 \u03c3\u03c5\u03bd\u03b1\u03c1\u03bc\u03bf\u03bb\u03cc\u03b3\u03b7\u03c3\u03b7\u03c2 \u03b4\u03b5\u03af\u03c4\u03b5 \u03b5\u03b4\u03ce<a href=\"https:\/\/babymoon.gr\/index.php\/product\/cblsermed\/\"> https:\/\/babymoon.gr\/index.php\/product\/cblsermed\/<\/a><\/em><\/p>\n<p>\u0392\u03af\u03bd\u03c4\u03b5\u03bf \u03c3\u03c5\u03bd\u03b1\u03c1\u03bc\u03bf\u03bb\u03cc\u03b3\u03b7\u03c3\u03b7\u03c2 <a href=\"https:\/\/youtu.be\/DngwXqz1CE8\">https:\/\/youtu.be\/DngwXqz1CE8<\/a><\/p>\n","protected":false},"excerpt":{"rendered":"<p>\u039f\u03b9 \u03bc\u03c0\u03ac\u03bb\u03b5\u03c2 \u03c6\u03c9\u03c4\u03b9\u03c3\u03c4\u03b9\u03ba\u03ac \u03c4\u03b7\u03c2 \u03b5\u03c4\u03b1\u03b9\u03c1\u03af\u03b1\u03c2 Cotton Ball Lights \u03b4\u03b9\u03b1\u03c4\u03af\u03b8\u03b5\u03bd\u03c4\u03b1\u03b9 \u03c3\u03b5 \u03c4\u03ad\u03c3\u03c3\u03b5\u03c1\u03b1 \u03b4\u03b9\u03b1\u03c6\u03bf\u03c1\u03b5\u03c4\u03b9\u03ba\u03ac \u03bc\u03b5\u03b3\u03ad\u03b8\u03b7, \u03c0\u03bf\u03c5 \u03ba\u03c5\u03bc\u03b1\u03af\u03bd\u03bf\u03bd\u03c4\u03b1\u03b9 \u03b1\u03c0\u03cc S (\u00d825 cm), M (\u00d831 cm), L (\u00d836 cm) \u03ba\u03b1\u03b9 XL (\u00d841 cm).<\/p>\n<p>\u039c\u03ad\u03c3\u03b1 \u03b1\u03c0\u03cc \u03c4\u03b7 \u03bc\u03b5\u03b3\u03ac\u03bb\u03b7 \u03b3\u03ba\u03ac\u03bc\u03b1 \u03c7\u03c1\u03c9\u03bc\u03ac\u03c4\u03c9\u03bd \u03ba\u03b1\u03b9 \u03bc\u03b5\u03b3\u03b5\u03b8\u03ce\u03bd \u03bc\u03b1\u03c2, \u03ba\u03ac\u03b8\u03b5 \u03c7\u03ce\u03c1\u03bf\u03c2 \u03c3\u03c4\u03bf \u03c3\u03c0\u03af\u03c4\u03b9 \u03c3\u03b1\u03c2 \u03b8\u03b1 \u03bc\u03c0\u03bf\u03c1\u03bf\u03cd\u03c3\u03b5 \u03bd\u03b1 \u03b4\u03b9\u03b1\u03ba\u03bf\u03c3\u03bc\u03b7\u03b8\u03b5\u03af \u03bc\u03b5 \u03bc\u03b9\u03b1 \u03b1\u03bd\u03c4\u03af\u03c3\u03c4\u03bf\u03b9\u03c7\u03b7 \u03bb\u03ac\u03bc\u03c0\u03b1.<\/p>\n<p>\u038c\u03bb\u03b1 \u03c4\u03b1 \u03c6\u03c9\u03c4\u03b9\u03c3\u03c4\u03b9\u03ba\u03ac \u03c6\u03c9\u03c4\u03af\u03b6\u03bf\u03c5\u03bd \u03c4\u03bf\u03bd \u03c7\u03ce\u03c1\u03bf \u03c0\u03bf\u03c5 \u03b2\u03c1\u03af\u03c3\u03ba\u03bf\u03bd\u03c4\u03b1\u03b9 \u03bc\u03b5 \u03c5\u03c0\u03ad\u03c1\u03bf\u03c7\u03bf, \u03b6\u03b5\u03c3\u03c4\u03cc \u03c6\u03c9\u03c2. \u039f\u03b9 \u039c\u03b5\u03b3\u03ac\u03bb\u03b5\u03c2 \u03bc\u03c0\u03ac\u03bb\u03b5\u03c2-\u03c6\u03c9\u03c4\u03b9\u03c3\u03c4\u03b9\u03ba\u03ac \u03ad\u03c7\u03bf\u03c5\u03bd \u03c3\u03c7\u03b5\u03b4\u03b9\u03b1\u03c3\u03c4\u03b5\u03af \u03b3\u03b9\u03b1 \u03bd\u03b1 \u03c6\u03ad\u03c1\u03bd\u03bf\u03c5\u03bd \u03b1\u03c4\u03bc\u03bf\u03c3\u03c6\u03b1\u03b9\u03c1\u03b9\u03ba\u03cc \u03c6\u03c9\u03c2 \u03b5\u03af\u03c4\u03b5 \u03cc\u03c4\u03b1\u03bd \u03b5\u03af\u03bd\u03b1\u03b9 \u03b1\u03bd\u03b1\u03bc\u03bc\u03ad\u03bd\u03b5\u03c2, \u03b5\u03af\u03c4\u03b5 \u03b5\u03af\u03bd\u03b1\u03b9 \u03b5\u03ba\u03c4\u03cc\u03c2 \u03bb\u03b5\u03b9\u03c4\u03bf\u03c5\u03c1\u03b3\u03af\u03b1\u03c2.<\/p>\n","protected":false},"featured_media":4666,"comment_status":"open","ping_status":"closed","template":"","meta":{"_monsterinsights_skip_tracking":false,"_monsterinsights_sitenote_active":false,"_monsterinsights_sitenote_note":"","_monsterinsights_sitenote_category":0},"product_brand":[],"product_cat":[865,679,690],"product_tag":[834,704,547,833,656,862,830],"class_list":{"0":"post-4760","1":"product","2":"type-product","3":"status-publish","4":"has-post-thumbnail","6":"product_cat-cotton-lamps-m","7":"product_cat-cottonlights","8":"product_cat-diylighting","9":"product_tag-baby-blue","10":"product_tag-cotton-ball","11":"product_tag-cotton-ball-lights","12":"product_tag-light-aqua","13":"product_tag-light-blue","14":"product_tag-medium","15":"product_tag-830","16":"wpisset-post","17":"wpisset-woo-has-gallery","19":"first","20":"instock","21":"taxable","22":"shipping-taxable","23":"purchasable","24":"product-type-simple"},"jetpack_sharing_enabled":true,"_links":{"self":[{"href":"https:\/\/babymoon.gr\/index.php\/wp-json\/wp\/v2\/product\/4760","targetHints":{"allow":["GET"]}}],"collection":[{"href":"https:\/\/babymoon.gr\/index.php\/wp-json\/wp\/v2\/product"}],"about":[{"href":"https:\/\/babymoon.gr\/index.php\/wp-json\/wp\/v2\/types\/product"}],"replies":[{"embeddable":true,"href":"https:\/\/babymoon.gr\/index.php\/wp-json\/wp\/v2\/comments?post=4760"}],"wp:featuredmedia":[{"embeddable":true,"href":"https:\/\/babymoon.gr\/index.php\/wp-json\/wp\/v2\/media\/4666"}],"wp:attachment":[{"href":"https:\/\/babymoon.gr\/index.php\/wp-json\/wp\/v2\/media?parent=4760"}],"wp:term":[{"taxonomy":"product_brand","embeddable":true,"href":"https:\/\/babymoon.gr\/index.php\/wp-json\/wp\/v2\/product_brand?post=4760"},{"taxonomy":"product_cat","embeddable":true,"href":"https:\/\/babymoon.gr\/index.php\/wp-json\/wp\/v2\/product_cat?post=4760"},{"taxonomy":"product_tag","embeddable":true,"href":"https:\/\/babymoon.gr\/index.php\/wp-json\/wp\/v2\/product_tag?post=4760"}],"curies":[{"name":"wp","href":"https:\/\/api.w.org\/{rel}","templated":true}]}}